{"id":78514,"date":"2018-06-12T08:54:23","date_gmt":"2018-06-12T07:54:23","guid":{"rendered":"http:\/\/www.slatina.hr\/?page_id=78514"},"modified":"2019-03-10T16:50:27","modified_gmt":"2019-03-10T15:50:27","slug":"projekt-energetska-obnova-zgrade-djecjeg-vrtica-zeko-na-adresi-bana-jelacica-25-slatina","status":"publish","type":"page","link":"https:\/\/www.slatina.hr\/portal\/projekt-energetska-obnova-zgrade-djecjeg-vrtica-zeko-na-adresi-bana-jelacica-25-slatina\/","title":{"rendered":"Projekt energetska obnova zgrade Dje\u010djeg vrti\u0107a Zeko na adresi Bana Jela\u010di\u0107a 25, Slatina"},"content":{"rendered":"","protected":false},"excerpt":{"rendered":"","protected":false},"author":1,"featured_media":0,"parent":0,"menu_order":0,"comment_status":"closed","ping_status":"closed","template":"","meta":{"ngg_post_thumbnail":0,"footnotes":""},"class_list":["post-78514","page","type-page","status-publish","hentry"],"_links":{"self":[{"href":"https:\/\/www.slatina.hr\/portal\/wp-json\/wp\/v2\/pages\/78514","targetHints":{"allow":["GET"]}}],"collection":[{"href":"https:\/\/www.slatina.hr\/portal\/wp-json\/wp\/v2\/pages"}],"about":[{"href":"https:\/\/www.slatina.hr\/portal\/wp-json\/wp\/v2\/types\/page"}],"author":[{"embeddable":true,"href":"https:\/\/www.slatina.hr\/portal\/wp-json\/wp\/v2\/users\/1"}],"replies":[{"embeddable":true,"href":"https:\/\/www.slatina.hr\/portal\/wp-json\/wp\/v2\/comments?post=78514"}],"version-history":[{"count":1,"href":"https:\/\/www.slatina.hr\/portal\/wp-json\/wp\/v2\/pages\/78514\/revisions"}],"predecessor-version":[{"id":89465,"href":"https:\/\/www.slatina.hr\/portal\/wp-json\/wp\/v2\/pages\/78514\/revisions\/89465"}],"wp:attachment":[{"href":"https:\/\/www.slatina.hr\/portal\/wp-json\/wp\/v2\/media?parent=78514"}],"curies":[{"name":"wp","href":"https:\/\/api.w.org\/{rel}","templated":true}]}}