{"id":712,"date":"2013-04-15T09:00:48","date_gmt":"2013-04-15T07:00:48","guid":{"rendered":"http:\/\/www.slatina.hr\/?page_id=712"},"modified":"2013-04-15T09:00:48","modified_gmt":"2013-04-15T07:00:48","slug":"turisticka-zajednica-grada-slatine","status":"publish","type":"page","link":"https:\/\/www.slatina.hr\/portal\/turisticka-zajednica-grada-slatine\/","title":{"rendered":"Turisti\u010dka zajednica grada Slatine"},"content":{"rendered":"<p style=\"text-align: justify;\"><a href=\"http:\/\/www.slatina.hr\/wp-content\/uploads\/2013\/04\/tz1.jpg\"><img loading=\"lazy\" decoding=\"async\" class=\"size-full wp-image-929 alignleft\" src=\"http:\/\/www.slatina.hr\/wp-content\/uploads\/2013\/04\/tz1.jpg\" alt=\"tz1\" width=\"144\" height=\"150\" srcset=\"https:\/\/www.slatina.hr\/portal\/wp-content\/uploads\/2013\/04\/tz1.jpg 144w, https:\/\/www.slatina.hr\/portal\/wp-content\/uploads\/2013\/04\/tz1-140x146.jpg 140w, https:\/\/www.slatina.hr\/portal\/wp-content\/uploads\/2013\/04\/tz1-48x50.jpg 48w, https:\/\/www.slatina.hr\/portal\/wp-content\/uploads\/2013\/04\/tz1-72x75.jpg 72w\" sizes=\"auto, (max-width:767px) 144px, 144px\" \/><\/a>Osniva\u010dka Skup\u0161tina <a href=\"http:\/\/www.tz-slatina.hr\/\" target=\"_blank\" rel=\"noopener\">Turisti\u010dke zajednice grada Slatine<\/a> na sjednici odr\u017eanoj 25. studenog 1994. godine donijela je Odluku o osnivanju Turisti\u010dke zajednice grada Slatine, a temeljem Zakona o turisti\u010dkim zajednicama i promicanju hrvatskog turizma. Iste godine Turisti\u010dka zajednica upisana je u Upisnik turisti\u010dkih zajednica Hrvatske. Po osnivanju, od grada Slatine je na kori\u0161tenje dobila prostor na Trgu svetog Josipa bb te zapo\u0161ljava jednog djelatnika. Turisti\u010dka zajednica ima predsjednika, kojega na prijedlog Gradskog poglavarstva bira Skup\u0161tina zajednice, koja bira odnosno imenuje i \u010dlanove Turisti\u010dkog vije\u0107a te Nadzornog odbora.<\/p>\n<p><a href=\"http:\/\/www.slatina.hr\/wp-content\/uploads\/2013\/04\/tz2.jpg\"><img loading=\"lazy\" decoding=\"async\" class=\"size-full wp-image-930 alignright\" src=\"http:\/\/www.slatina.hr\/wp-content\/uploads\/2013\/04\/tz2.jpg\" alt=\"tz2\" width=\"200\" height=\"150\" \/><\/a><\/p>\n<p><strong>Djelatnost Turisti\u010dke zajednice obuhva\u0107a:<\/strong><\/p>\n<p>&#8211; poticanje, o\u010duvanje, unapre\u0111ivanje i promicanje svih postoje\u0107ih turisti\u010dkih potencijala<\/p>\n<p>&#8211; poticanje, unapre\u0111ivanje i promicanje izvornih vrijednosti grada Slatine<\/p>\n<p>&#8211; poticanje, koordinacija i organiziranje kulturnih, umjetni\u010dkih, \u0161portskih, gospodarskih i drugih priredaba koje pridonose oboga\u0107ivanju turisti\u010dke ponude grada<\/p>\n<p>&#8211; poticanje za\u0161tite, odr\u017eavanja i obnove kulturno povijesnih spomenika i drugih materijalnih dobara od interesa za turizam i njihovo uklju\u010divanje u turisti\u010dku ponudu<\/p>\n<p>&#8211; prikupljanje i obrada podataka o turisti\u010dkom prometu<\/p>\n<p>&#8211; organiziranje nastupa na sajmovima i odnosi s javno\u0161\u0107u<\/p>\n<p>&#8211; izrada izvje\u0161\u0107a i analiza<\/p>\n<p>&#8211; poticanje i organiziranje akcije u cilju o\u010duvanja turisti\u010dkog prostora, unapre\u0111ivanje turisti\u010dkog okru\u017eja i za\u0161tite \u010dovjekova okoli\u0161a\u2026<\/p>\n<h2>Turizam<\/h2>\n<p style=\"text-align: justify;\"><a href=\"http:\/\/www.slatina.hr\/wp-content\/uploads\/2013\/04\/tz3.jpg\"><img loading=\"lazy\" decoding=\"async\" class=\"size-full wp-image-931 alignleft\" src=\"http:\/\/www.slatina.hr\/wp-content\/uploads\/2013\/04\/tz3.jpg\" alt=\"tz3\" width=\"228\" height=\"150\" srcset=\"https:\/\/www.slatina.hr\/portal\/wp-content\/uploads\/2013\/04\/tz3.jpg 228w, https:\/\/www.slatina.hr\/portal\/wp-content\/uploads\/2013\/04\/tz3-222x146.jpg 222w, https:\/\/www.slatina.hr\/portal\/wp-content\/uploads\/2013\/04\/tz3-50x33.jpg 50w, https:\/\/www.slatina.hr\/portal\/wp-content\/uploads\/2013\/04\/tz3-114x75.jpg 114w\" sizes=\"auto, (max-width:767px) 228px, 228px\" \/><\/a>Grad Slatina nema velike jednostrane turisti\u010dke atrakcije koje bi prenagla\u0161eno davale pe\u010dat turisti\u010dkom proizvodu. On jednostavno ima sitne turisti\u010dke aktivnosti i atrakcije od kojih se mo\u017ee ispreplesti privla\u010dan, zanimljiv ali i prepoznatljiv turisti\u010dki proizvod.<br \/>\nPoku\u0161at \u0107emo skrenuti pozornost na turisti\u010dke potencijale od kojih neki jo\u0161 nisu privedeni turisti\u010dkom kori\u0161tenju, no tako vjerno svojom ljepotom ocrtavaju i svu ljepotu Slatine i njezine okolice.<\/p>\n<p style=\"text-align: justify;\"><a href=\"http:\/\/www.slatina.hr\/wp-content\/uploads\/2013\/04\/tz4.jpg\"><img loading=\"lazy\" decoding=\"async\" class=\"size-medium wp-image-932 alignright\" src=\"http:\/\/www.slatina.hr\/wp-content\/uploads\/2013\/04\/tz4-300x138.jpg\" alt=\"tz4\" width=\"300\" height=\"138\" \/><\/a>Kre\u0107u\u0107i se prostranom ravnicom, susre\u0107u\u0107i razli\u010dite ekosisteme, tok rijeke Drave, obronke Papuka stvaraju se osnovno obrisi jedne op\u0107e slike \u0161ireg gradskog podru\u010dja Slatine koje se mo\u017ee upotpuniti nizom detalja. Dakle, ovo je prostor bogatih netaknutih \u0161uma, lovnih i ribolovnih podru\u010dja, vinovom lozom bogatih bre\u017euljaka.<\/p>\n<div>\n<div>\n<h1>Lovni turizam<\/h1>\n<\/div>\n<\/div>\n<div>\n<div>\n<div>\n<div>\n<p style=\"text-align: justify;\"><a href=\"\/%7Eslatinah\/wp-content\/uploads\/2013\/04\/tz5.jpg\"><img loading=\"lazy\" decoding=\"async\" class=\"alignleft\" src=\"\/%7Eslatinah\/wp-content\/uploads\/2013\/04\/tz5.jpg\" alt=\"tz5\" width=\"237\" height=\"150\" \/><\/a>Na podru\u010dju grada Slatine postoji pet lovi\u0161ta kojima gospodari pet lovnih udruga, koje osiguravaju cjelovit do\u017eivljaj usluga vezanih uz lov, prihvat lovaca, njihov smje\u0161taj kao i smje\u0161taj lova\u010dkih pasa, pratnju lovnika u lovi\u0161tu te odgovaraju\u0107u prehranu. Sva se lovi\u0161ta nalaze u ambijentu izuzetnih prirodnih ljepota. Od visoke divlja\u010di izdvajaju se jelen (kapitalni primjerci), srnjak, divlja svinja, a od niske fazan i zec. Bogatim fondom divlja\u010di ova se lovi\u0161ta svrstavaju me\u0111u najbogatije u Hrvatskoj.<\/p>\n<div>\n<div>\n<h1>Ribolov<\/h1>\n<\/div>\n<\/div>\n<div>\n<div>\n<div>\n<div>\n<p><a href=\"http:\/\/www.slatina.hr\/wp-content\/uploads\/2013\/04\/tz6.jpg\"><img loading=\"lazy\" decoding=\"async\" class=\"size-full wp-image-934 alignright\" src=\"http:\/\/www.slatina.hr\/wp-content\/uploads\/2013\/04\/tz6.jpg\" alt=\"tz6\" width=\"225\" height=\"150\" srcset=\"https:\/\/www.slatina.hr\/portal\/wp-content\/uploads\/2013\/04\/tz6.jpg 225w, https:\/\/www.slatina.hr\/portal\/wp-content\/uploads\/2013\/04\/tz6-219x146.jpg 219w, https:\/\/www.slatina.hr\/portal\/wp-content\/uploads\/2013\/04\/tz6-50x33.jpg 50w, https:\/\/www.slatina.hr\/portal\/wp-content\/uploads\/2013\/04\/tz6-113x75.jpg 113w\" sizes=\"auto, (max-width:767px) 225px, 225px\" \/><\/a>Uz Dravu koja svojim tokom oplakuje podru\u010dje grada Slatine, umjetne ribolovne vode (Bajer i Baki\u0107) postaju glavna okupljali\u0161ta zaljubljenika u ribolov. Na podru\u010dju grada Slatine djeluje vi\u0161e ribolovnih udruga, a neke od njih u svojim godi\u0161njim aktivnostima uz ribolovni turizam i natjecanja u ribolovu, organiziraju i natjecanja u spravljanju \u00abfi\u0161-paprika\u0161a\u00bb (fi\u0161ijada).<\/p>\n<h3><\/h3>\n<h2>\u0160portsko \u2013 rekreacijski centar akumulacija JAVORICA<\/h2>\n<p style=\"text-align: justify;\"><a href=\"http:\/\/www.slatina.hr\/wp-content\/uploads\/2013\/04\/tz7.jpg\"><img loading=\"lazy\" decoding=\"async\" class=\"size-full wp-image-935 alignleft\" src=\"http:\/\/www.slatina.hr\/wp-content\/uploads\/2013\/04\/tz7.jpg\" alt=\"tz7\" width=\"225\" height=\"150\" srcset=\"https:\/\/www.slatina.hr\/portal\/wp-content\/uploads\/2013\/04\/tz7.jpg 225w, https:\/\/www.slatina.hr\/portal\/wp-content\/uploads\/2013\/04\/tz7-219x146.jpg 219w, https:\/\/www.slatina.hr\/portal\/wp-content\/uploads\/2013\/04\/tz7-50x33.jpg 50w, https:\/\/www.slatina.hr\/portal\/wp-content\/uploads\/2013\/04\/tz7-113x75.jpg 113w\" sizes=\"auto, (max-width:767px) 225px, 225px\" \/><\/a>\u0160portsko \u2013 rekreacijski centar akumulacija JAVORICA, jedan je od turisti\u010dkih i \u0161portsko- rekreacijskih kapaciteta namjenjenih izletnicima i turistima. Akumulacija Javorica nalazi se na cca 300 m od dr\u017eavne ceste za Vo\u0107in i Pleternicu, na izlazu iz Slatine, a uz cestu prema naselju Ivanbrijeg.<br \/>\nProstor uz akumulacijsko jezero zami\u0161ljen je kao prostor za odmor i rekreaciju, sa slijede\u0107im sadr\u017eajima:<br \/>\nribi\u010dki dio, kupali\u0161te i sun\u010dali\u0161te, \u0161portski kompleks (nogomet, rukomet, ko\u0161arka, odbojka na pijesku, bo\u0107ali\u0161te i dr.), dje\u010dije igrali\u0161te, trim staza, ugostiteljski sadr\u017eaji, hotel s bungalovima, prostor za parkiranje vozila, \u0161etnica i interne ceste te vikend turisti\u010dko naselje.<br \/>\nPosebnu privla\u010dnost ovom prostoru daje blizina slatinskog skijali\u0161ta s vu\u010dnicom, do koje vodi nekoliko pje\u0161a\u010dkih staza od jezera kroz \u0161umski predio do druge strane brda. Tako\u0111er, u blizini je smje\u0161ten i konji\u010dki klub s programom terapijskog jahanja te ure\u0111eno slatinsko izleti\u0161te Bunari\u0107.<\/p>\n<\/div>\n<\/div>\n<\/div>\n<\/div>\n<\/div>\n<\/div>\n<\/div>\n<\/div>\n<h2>Bogatsvo prirode<\/h2>\n<p style=\"text-align: justify;\"><a href=\"http:\/\/www.slatina.hr\/wp-content\/uploads\/2013\/04\/tz8.jpg\"><img loading=\"lazy\" decoding=\"async\" class=\"size-full wp-image-936 alignleft\" src=\"http:\/\/www.slatina.hr\/wp-content\/uploads\/2013\/04\/tz8.jpg\" alt=\"tz8\" width=\"224\" height=\"150\" srcset=\"https:\/\/www.slatina.hr\/portal\/wp-content\/uploads\/2013\/04\/tz8.jpg 224w, https:\/\/www.slatina.hr\/portal\/wp-content\/uploads\/2013\/04\/tz8-218x146.jpg 218w, https:\/\/www.slatina.hr\/portal\/wp-content\/uploads\/2013\/04\/tz8-50x33.jpg 50w, https:\/\/www.slatina.hr\/portal\/wp-content\/uploads\/2013\/04\/tz8-112x75.jpg 112w\" sizes=\"auto, (max-width:767px) 224px, 224px\" \/><\/a>Nekada se nije smatrao bogatim onaj tko u ku\u0107i nije imao vina. Pitomi obronci Papuka kao da su postavljeni tradiciji na ruku i upozoravaju da ba\u0161 ovdje marljive ruke ljudi mogu vinovu lozu uzgojiti i njezine plodove prilagoditi bogatstvu mirisa, okusa i ljepote dobrih vina. Vo\u0111eni tim idejama, upravo se krenulo u osnivanje vinskih cesta, te turisti\u010dkim o\u017eivljavanjem vinorodnih podru\u010dja ovoga kraja. Spoj tradicije, kvalitete i enolo\u0161kog do\u017eivljaja poveznica su i preduvjet uspjeha u ovoj turisti\u010dkoj grani. Bogatstvo su i putevi, ceste, pruge\u2026 treba samo do\u0107i i ostati.<\/p>\n<h2>Tradicija<\/h2>\n<p style=\"text-align: justify;\"><a href=\"http:\/\/www.slatina.hr\/wp-content\/uploads\/2013\/04\/tz9.jpg\"><img loading=\"lazy\" decoding=\"async\" class=\"size-full wp-image-937 alignright\" src=\"http:\/\/www.slatina.hr\/wp-content\/uploads\/2013\/04\/tz9.jpg\" alt=\"tz9\" width=\"113\" height=\"150\" srcset=\"https:\/\/www.slatina.hr\/portal\/wp-content\/uploads\/2013\/04\/tz9.jpg 113w, https:\/\/www.slatina.hr\/portal\/wp-content\/uploads\/2013\/04\/tz9-110x146.jpg 110w, https:\/\/www.slatina.hr\/portal\/wp-content\/uploads\/2013\/04\/tz9-38x50.jpg 38w, https:\/\/www.slatina.hr\/portal\/wp-content\/uploads\/2013\/04\/tz9-57x75.jpg 57w\" sizes=\"auto, (max-width:767px) 113px, 113px\" \/><\/a>Tradicija pri\u010da svoju pri\u010du. Vrijeme radnje je 1885. godina, a glavni protagonist kne\u017eevska obitelj Schaumburg Lippe, koja u Slatini u to vrijeme osniva prvu tvornicu \u0161ampanjca, a ve\u0107 1891. godine na Gospodarsko \u0161umarskoj izlo\u017ebi u Zagrebu dobivaju po\u010dasnu diplomu i veliku kolajnu za doma\u0107i \u0161ampanjac i plemenito vino. Impozantni podrum iz toga doba jo\u0161 uvijek postoji u svom izvornom obliku u centru grada Slatine, a kao svjedok svih doga\u0111anja je pro\u010delje drvene ba\u010dve iz 1885. godine koje se \u010duva u Zavi\u010dajnom muzeju grada Slatine. Tradicija dobrih slatinskih vina i dalje se nastavlja. Gra\u0161evina i Frankovka postali su dio obilje\u017eja ovog prostora.<br \/>\nJedno od specifi\u010dnih obilje\u017eja je i park u gradu Slatini s mamutovcem kao pojedina\u010dnim hortikulturalnim spomenikom, a njegova pri\u010da se\u017ee jo\u0161 u daleku 1807. godinu, a ve\u017ee se uz imanje grofova Dra\u0161kovi\u0107a. Ovaj zaista rijedak primjerak jedinstven je na ovim prostorima te je za\u0161ti\u0107en spomenik prirode.<\/p>\n<p>U sredi\u0161tu grada Slatine dominira sakralni spomenik, neogoti\u010dka \u017dupna crkva svetog Josipa s po\u010detka 20. stolje\u0107a.<\/p>\n<h2>Manifestacije<\/h2>\n<p style=\"text-align: justify;\"><a href=\"http:\/\/www.slatina.hr\/wp-content\/uploads\/2013\/04\/tz10.jpg\"><img loading=\"lazy\" decoding=\"async\" class=\"size-full wp-image-938 alignleft\" src=\"http:\/\/www.slatina.hr\/wp-content\/uploads\/2013\/04\/tz10.jpg\" alt=\"tz10\" width=\"200\" height=\"150\" srcset=\"https:\/\/www.slatina.hr\/portal\/wp-content\/uploads\/2013\/04\/tz10.jpg 200w, https:\/\/www.slatina.hr\/portal\/wp-content\/uploads\/2013\/04\/tz10-195x146.jpg 195w, https:\/\/www.slatina.hr\/portal\/wp-content\/uploads\/2013\/04\/tz10-50x38.jpg 50w, https:\/\/www.slatina.hr\/portal\/wp-content\/uploads\/2013\/04\/tz10-100x75.jpg 100w\" sizes=\"auto, (max-width:767px) 200px, 200px\" \/><\/a>Turisti\u010dke manifestacije ovoga kraja su brojne i ve\u0107ina ih prerasta gradske okvire te postaje dio \u0161ire turisti\u010dke ponude slatinskog kraja.<br \/>\nSlatinske poklade se odr\u017eavaju u velja\u010di i okupe veliki broj maska osnovno\u0161kolaca, srednjo\u0161kolaca i gra\u0111ana grada Slatine kao i njihovih gostiju. Spaljuje se fa\u0161nik, a povorke raznovrsnih maska taj dan okupiraju na\u0161 grad.<br \/>\nSlatinska smotra folklora odr\u017eava se zadnju nedjelju u mjesecu travnju. Nudi slatin\u010danima bogatstvo i sjaj narodnih no\u0161nja, pjesama, plesova, tradicije i ba\u0161tine. Originalnost, autohtonost, o\u010duvanost narodnih no\u0161nja i kompletnost prikaza, o\u017eivljavaju uspomene davnih dana. I Ministarstvo kulture svojim sufinanciranjem prepoznalo je vrijednost ove manifestacije.<\/p>\n<h2>Matkanje<\/h2>\n<p style=\"text-align: justify;\"><a href=\"http:\/\/www.slatina.hr\/wp-content\/uploads\/2013\/04\/tz11.jpg\"><img loading=\"lazy\" decoding=\"async\" class=\" wp-image-939 alignright\" src=\"http:\/\/www.slatina.hr\/wp-content\/uploads\/2013\/04\/tz11.jpg\" alt=\"tz11\" width=\"190\" height=\"150\" \/><\/a>Matkanje je priredba kojom se predstavlja tradicionalni sladojeva\u010dki narodni obi\u010daj \u0161to se redovito odr\u017eava na Bijelu nedjelju (Mladi Uskrs). Prikazuje rijedak obi\u010daj Matkanja (sklapanja prijateljstva- posestrimstva- matke) i dje\u010djih svatova koji se u Sladojevcima njeguje vi\u0161e od 200 godina.<\/p>\n<h2>Slatinsko ljeto<\/h2>\n<p style=\"text-align: justify;\"><a href=\"http:\/\/www.slatina.hr\/wp-content\/uploads\/2013\/04\/tz12.jpg\"><img loading=\"lazy\" decoding=\"async\" class=\"size-full wp-image-940 alignleft\" src=\"http:\/\/www.slatina.hr\/wp-content\/uploads\/2013\/04\/tz12.jpg\" alt=\"tz12\" width=\"200\" height=\"150\" srcset=\"https:\/\/www.slatina.hr\/portal\/wp-content\/uploads\/2013\/04\/tz12.jpg 200w, https:\/\/www.slatina.hr\/portal\/wp-content\/uploads\/2013\/04\/tz12-195x146.jpg 195w, https:\/\/www.slatina.hr\/portal\/wp-content\/uploads\/2013\/04\/tz12-50x38.jpg 50w, https:\/\/www.slatina.hr\/portal\/wp-content\/uploads\/2013\/04\/tz12-100x75.jpg 100w\" sizes=\"auto, (max-width:767px) 200px, 200px\" \/><\/a>Slatinsko ljeto nedjeljom, ve\u0107 je dio kulturno-zabavne tradicije na\u0161eg grada. Tijekom ljetnih mjeseci (lipanj, srpanj, kolovoz) donosi mno\u0161tvo programa za djecu, mlade i odrasle pridonose\u0107i tako stvaranju Slatine kao urbanog sredi\u0161ta. Igra se uli\u010dna ko\u0161arka, organiziraju manifestacije poput izlo\u017ebe starih automobila, gostovanja ma\u0111ioni\u010dara za djecu, modnih revija, nastupa dje\u010dijih kazali\u0161ta te razli\u010ditih izvo\u0111a\u010da zabavne jazz, rock te doma\u0107e narodne glazbe. Splet je to manifestacija koje povezane nedjeljama popunjavaju ljeto u Slatini.<\/p>\n<h2>Dani Milka Kelemena<\/h2>\n<p style=\"text-align: justify;\"><a href=\"http:\/\/www.slatina.hr\/wp-content\/uploads\/2013\/04\/tz13.jpg\"><img loading=\"lazy\" decoding=\"async\" class=\"size-full wp-image-941 alignright\" src=\"http:\/\/www.slatina.hr\/wp-content\/uploads\/2013\/04\/tz13.jpg\" alt=\"tz13\" width=\"200\" height=\"150\" srcset=\"https:\/\/www.slatina.hr\/portal\/wp-content\/uploads\/2013\/04\/tz13.jpg 200w, https:\/\/www.slatina.hr\/portal\/wp-content\/uploads\/2013\/04\/tz13-195x146.jpg 195w, https:\/\/www.slatina.hr\/portal\/wp-content\/uploads\/2013\/04\/tz13-50x38.jpg 50w, https:\/\/www.slatina.hr\/portal\/wp-content\/uploads\/2013\/04\/tz13-100x75.jpg 100w\" sizes=\"auto, (max-width:767px) 200px, 200px\" \/><\/a>Sredi\u0161nji godi\u0161nji kulturni doga\u0111aj posve\u0107en je glazbenom opusu uglednog hrvatskog skladatelja s me\u0111unarodnom reputacijom Milka Kelemena. Me\u0111unarodni multimedijalni festival Dani Milka Kelemena redovito u listopadu, okuplja renomirane svjetske umjetnike. Svojim bogatim sadr\u017eajem i kvalitetom izvedbe privla\u010di brojne posjetitelje i nadilazi granice Hrvatske. Odr\u017eava se od 1994. godine.<\/p>\n<h2>Slatinske jeseni<\/h2>\n<p style=\"text-align: justify;\"><a href=\"http:\/\/www.slatina.hr\/wp-content\/uploads\/2013\/04\/tz14.jpg\"><img loading=\"lazy\" decoding=\"async\" class=\"size-full wp-image-942 alignleft\" src=\"http:\/\/www.slatina.hr\/wp-content\/uploads\/2013\/04\/tz14.jpg\" alt=\"tz14\" width=\"200\" height=\"150\" srcset=\"https:\/\/www.slatina.hr\/portal\/wp-content\/uploads\/2013\/04\/tz14.jpg 200w, https:\/\/www.slatina.hr\/portal\/wp-content\/uploads\/2013\/04\/tz14-195x146.jpg 195w, https:\/\/www.slatina.hr\/portal\/wp-content\/uploads\/2013\/04\/tz14-50x38.jpg 50w, https:\/\/www.slatina.hr\/portal\/wp-content\/uploads\/2013\/04\/tz14-100x75.jpg 100w\" sizes=\"auto, (max-width:767px) 200px, 200px\" \/><\/a>Slatinske jeseni pokazuju sve obi\u010daje berbenih sve\u010danosti, ubiranja plodova i svih onih aktivnosti koje se provode u jesen. Doga\u0111aju se u mjesecu listopadu i tako vjerno ocrtavaju sav godi\u0161nji trud vrijednih ruku na\u0161ih sugra\u0111ana i gostiju. Na ovoj manifestaciji mogu se probati dobre doma\u0107e rakije, vina, med i proizvodi od meda, slastice i kola\u010di, pripremljena zimnica, vo\u0107e\u2026<\/p>\n","protected":false},"excerpt":{"rendered":"<p>Osniva\u010dka Skup\u0161tina Turisti\u010dke zajednice grada Slatine na sjednici odr\u017eanoj 25. studenog 1994. godine donijela je Odluku o osnivanju Turisti\u010dke zajednice grada Slatine, a temeljem Zakona<span class=\"excerpt-hellip\"> [\u2026]<\/span><\/p>\n","protected":false},"author":1,"featured_media":0,"parent":0,"menu_order":0,"comment_status":"closed","ping_status":"closed","template":"","meta":{"ngg_post_thumbnail":0,"footnotes":""},"class_list":["post-712","page","type-page","status-publish","hentry"],"_links":{"self":[{"href":"https:\/\/www.slatina.hr\/portal\/wp-json\/wp\/v2\/pages\/712","targetHints":{"allow":["GET"]}}],"collection":[{"href":"https:\/\/www.slatina.hr\/portal\/wp-json\/wp\/v2\/pages"}],"about":[{"href":"https:\/\/www.slatina.hr\/portal\/wp-json\/wp\/v2\/types\/page"}],"author":[{"embeddable":true,"href":"https:\/\/www.slatina.hr\/portal\/wp-json\/wp\/v2\/users\/1"}],"replies":[{"embeddable":true,"href":"https:\/\/www.slatina.hr\/portal\/wp-json\/wp\/v2\/comments?post=712"}],"version-history":[{"count":0,"href":"https:\/\/www.slatina.hr\/portal\/wp-json\/wp\/v2\/pages\/712\/revisions"}],"wp:attachment":[{"href":"https:\/\/www.slatina.hr\/portal\/wp-json\/wp\/v2\/media?parent=712"}],"curies":[{"name":"wp","href":"https:\/\/api.w.org\/{rel}","templated":true}]}}