{"id":690,"date":"2013-04-15T08:57:36","date_gmt":"2013-04-15T06:57:36","guid":{"rendered":"http:\/\/www.slatina.hr\/?page_id=690"},"modified":"2013-04-15T08:57:36","modified_gmt":"2013-04-15T06:57:36","slug":"povijest","status":"publish","type":"page","link":"https:\/\/www.slatina.hr\/portal\/povijest\/","title":{"rendered":"Povijest"},"content":{"rendered":"<h3>Povijesni prikaz razvoja Slatine i okolice<\/h3>\n<p style=\"text-align: justify;\"><a href=\"http:\/\/www.slatina.hr\/wp-content\/uploads\/2013\/04\/11.jpg\"><img loading=\"lazy\" decoding=\"async\" class=\"size-full wp-image-958 alignleft\" alt=\"1\" src=\"http:\/\/www.slatina.hr\/wp-content\/uploads\/2013\/04\/11.jpg\" width=\"147\" height=\"150\" srcset=\"https:\/\/www.slatina.hr\/portal\/wp-content\/uploads\/2013\/04\/11.jpg 147w, https:\/\/www.slatina.hr\/portal\/wp-content\/uploads\/2013\/04\/11-143x146.jpg 143w, https:\/\/www.slatina.hr\/portal\/wp-content\/uploads\/2013\/04\/11-50x50.jpg 50w, https:\/\/www.slatina.hr\/portal\/wp-content\/uploads\/2013\/04\/11-74x75.jpg 74w\" sizes=\"auto, (max-width:767px) 147px, 147px\" \/><\/a>Slatina i slatinski kraj naseljavani su od najstarijih vremena \u0161to potvr\u0111uju i arheolo\u0161ka nalazi\u0161ta u slatinskoj okolici (Zvonimirovo, Nova Bukovica, Vo\u0107in, \u010da\u0111avica, Macute, Sladojevci, Slatina). Kontinuitet naseljavanja potvr\u0111uje poznata rimska karta iz 3. st. n.e., na kojoj se u vrijeme rimskog vladanja Panonije na slatinskom podru\u010dju spominje naselje Marinianis.<\/p>\n<p style=\"text-align: justify;\">U pisanom se dokumentu grad Slatina spominje po prvi put u ispravi zagreba\u010dkog biskupa Mihovila izdanoj 1. rujna 1297. godine u Po\u017eegi. Ime grada napisano je u ina\u010dici Zalathnuk. Slatina je u to vrijeme bila dobro Zagreba\u010dke biskupije u sastavu Arhi\u0111akonata Va\u0161ka. U 14. je stolje\u0107u u Slatini bila \u017eupna crkva Svih Svetih, smje\u0161tena negdje oko dana\u0161njeg parka. Crkva je imala pokrajne oltare posve\u0107ene sv. Juraju, Bla\u017eenoj Djevici Mariji, sv. Katarini, kapele posve\u0107ene Bla\u017eenoj Djevici Mariji i Jeleni i jedan oltar posve\u0107en nekoj bratov\u0161tini. Po uvo\u0111enju \u017eupanijskog ure\u0111enja Slatina je pripala Kri\u017eeva\u010dkoj \u017eupaniji.<\/p>\n<p style=\"text-align: justify;\"><a href=\"http:\/\/www.slatina.hr\/wp-content\/uploads\/2013\/04\/21.jpg\"><img loading=\"lazy\" decoding=\"async\" class=\"size-full wp-image-959 alignleft\" alt=\"2\" src=\"http:\/\/www.slatina.hr\/wp-content\/uploads\/2013\/04\/21.jpg\" width=\"110\" height=\"150\" srcset=\"https:\/\/www.slatina.hr\/portal\/wp-content\/uploads\/2013\/04\/21.jpg 110w, https:\/\/www.slatina.hr\/portal\/wp-content\/uploads\/2013\/04\/21-107x146.jpg 107w, https:\/\/www.slatina.hr\/portal\/wp-content\/uploads\/2013\/04\/21-37x50.jpg 37w, https:\/\/www.slatina.hr\/portal\/wp-content\/uploads\/2013\/04\/21-55x75.jpg 55w\" sizes=\"auto, (max-width:767px) 110px, 110px\" \/><\/a>U vrijeme feudalizma Slatina je bila biskupijsko trgovi\u0161te koje je imalo \u017eupnu crkvu i drvenu utvrdu &#8211; castellum smje\u0161tenu na uzvi\u0161enju uz rije\u010dicu Javoricu (nedaleko od dana\u0161njeg ulaza u Slatinu- mosta) i koje se razvijalo u maleni srednjevjekovni gradi\u0107 s podgra\u0111em. Od plemi\u0107a koji su potjecali ili \u017eivjeli u Slatini poznati su vlastelini Slatinski \u2013 de Zalatnoky , Georgius Hoberdancz de Zalathnuk, kao i vlastelinski \u017eupan Jane de Chanyk, koji je pred kraj 15. stolje\u0107a jedno vrijeme bio \u010delni \u010dovjek Slatine. Iz toga vremena potje\u010de i prvi gradski grb, s motivom zvijezde Danice i le\u017ee\u0107eg nasmijanoga polumjeseca, koji je i danas slu\u017ebeni grb grada Slatine. Poznato je da je ve\u0107 u to vrijeme jedan slatinski \u0111ak bio student na sveu\u010dili\u0161tu u Be\u010du. Pred nadolaze\u0107om najezdom Osmanlija Slatina je dodatno poja\u010dala osiguranje i obranu. U borbama s Osmanlijama u Bosni svojom se hrabro\u0161\u0107u isticao Ivan Hoberdanc iz Slatine, te ga je kralj Ferdinand 1529. godine bio postavio za kraji\u0161kog kapetana i vrhovnog zapovjednika obrane Slavonije. U naletu osmanske vojske, paljenju, ru\u0161enju i plja\u010dki brojno je domoroda\u010dko stanovni\u0161tvo ve\u0107im dijelom oti\u0161lo sa svojih ognji\u0161ta.<\/p>\n<p style=\"text-align: justify;\"><a href=\"http:\/\/www.slatina.hr\/wp-content\/uploads\/2013\/04\/31.jpg\"><img loading=\"lazy\" decoding=\"async\" class=\"size-full wp-image-960 alignleft\" alt=\"3\" src=\"http:\/\/www.slatina.hr\/wp-content\/uploads\/2013\/04\/31.jpg\" width=\"255\" height=\"150\" srcset=\"https:\/\/www.slatina.hr\/portal\/wp-content\/uploads\/2013\/04\/31.jpg 255w, https:\/\/www.slatina.hr\/portal\/wp-content\/uploads\/2013\/04\/31-248x146.jpg 248w, https:\/\/www.slatina.hr\/portal\/wp-content\/uploads\/2013\/04\/31-50x29.jpg 50w, https:\/\/www.slatina.hr\/portal\/wp-content\/uploads\/2013\/04\/31-128x75.jpg 128w\" sizes=\"auto, (max-width:767px) 255px, 255px\" \/><\/a>Pod takvim je okolnostima i utvr\u0111eni grad Slatina pao pod osmansku vlast 1544. godine. Jedan manji dio doma\u0107ega stanovni\u0161tva je prihvatio islam i ostao \u017eivjeti unutar utvrde, a neznatan broj pridru\u017eio se katoli\u010dkom stanovni\u0161tvu koje je nastavilo \u017eivjeti u te\u0161kim uvjetima u mo\u010dvarnim predjelima uz Dravu. Nakon okupacije Slatina je pripala Po\u017ee\u0161kom sand\u017eaku, a u Slatini je stolovao aga, bile su dvije d\u017eamije \u2013 jedna velika vjerojatno stara \u017eupna crkva pretvorena u d\u017eamiju i manja, Balijeva podignuta kao zadu\u017ebina. Od vjerskih su slu\u017ebenika bili dva imama i hatib, mujezin i kajim. Kako je Slatina bila pograni\u010dno podru\u010dje poja\u010dana je obrana Slatine. Utvrda je bila opasana jarkom i utvr\u0111ena drvenim palisadama, a u njoj je bilo stalno smje\u0161teno oko 200 vojnika od kojih je ve\u0107i broj bio konjanika. U grani\u010dnom podru\u010dju mir je bio kratkotrajan &#8211; tu je hara\u010dila turska vojska i uzvra\u0107ale su napadima hrvatske \u010dete. Slatinski je kraj oslobo\u0111en od turskoga vladanja pred kraj 17. stolje\u0107a. U tim je borbama poru\u0161en i stari slatinski grad. Posljednje su borbe s Turcima vo\u0111ene 1684. godine na podru\u010dju kod \u0161ume Turbina, izme\u0111u Slatine i Medinaca, kad se uslijed nadmo\u0107ne hrvatske vojske turska posada predala.. Nakon odlaska Turaka Slatina je bila poru\u0161ena, a ostao je samo toranj stare crkve Svih Svetih. Uspostavljena je vojna uprava na cijelom podru\u010dju.<\/p>\n<p style=\"text-align: justify;\"><a href=\"http:\/\/www.slatina.hr\/wp-content\/uploads\/2013\/04\/41.jpg\"><img loading=\"lazy\" decoding=\"async\" class=\"size-full wp-image-961 alignleft\" alt=\"4\" src=\"http:\/\/www.slatina.hr\/wp-content\/uploads\/2013\/04\/41.jpg\" width=\"113\" height=\"150\" srcset=\"https:\/\/www.slatina.hr\/portal\/wp-content\/uploads\/2013\/04\/41.jpg 113w, https:\/\/www.slatina.hr\/portal\/wp-content\/uploads\/2013\/04\/41-110x146.jpg 110w, https:\/\/www.slatina.hr\/portal\/wp-content\/uploads\/2013\/04\/41-38x50.jpg 38w, https:\/\/www.slatina.hr\/portal\/wp-content\/uploads\/2013\/04\/41-57x75.jpg 57w\" sizes=\"auto, (max-width:767px) 113px, 113px\" \/><\/a>Po uspostavi civilnih organa vlasti Slatina je pripala Viroviti\u010dkoj \u017eupaniji i imala je samo oko 50 ku\u0107anstava. Narod se bavio tradicijskim uzgojem stoke i obradom zemlje, a u okolnim je selima bila razvijena doma\u0107a radinost. Od 1750. godine vlasnik Slatine postao je Marko Aleksandar barun Peja\u010devi\u0107. Povijesno gledaju\u0107i, Slatina svoj prepoznatljivi razvoj u velikoj mjeri zahvaljuje ovoj imu\u0107noj na\u0161i\u010dkoj plemi\u0107koj obitelji. Danas su jo\u0161 dijelom sa\u010duvani objekti u samom sredi\u0161tu grada koje su Peja\u010devi\u0107i podigli kao stambene zgrade, ali i kao neophodne gospodarske objekte, te oko njih zasadili park s egzoti\u010dnim stablima, me\u0111u kojima se i danas isti\u010de mamutovac &#8211; sekvoja, kao jedan od simbola Slatine. Na molbu grofa Peja\u010devi\u0107a kralj Franjo III proglasio je Slatinu 1808. godine trgovi\u0161tem, \u0161to je doprinijelo pove\u0107anju prihoda i daljnjem razvoju mjesta. Slatina je tada prvi put dobila pravo odr\u017eavanja sajmova na Petrovo, Pavlovo i Nikolinje, po starom kalendaru. Isto pravo kralj je obnovio 1822. godine. Peja\u010devi\u0107i su 1822. godine u Sladojevcima potaknuli i gradnju prve \u0161kole na slatinskom podru\u010dju, koju su poha\u0111ali i u\u010denici iz Slatine. Za vrijeme gotovo stogodi\u0161njeg gospodarenja ovim krajem (1750.-1841.) Peja\u010devi\u0107i \u0107e ostati zabilje\u017eeni kao obitelj koja je u\u010dinila zna\u010dajne pozitivne pomake u \u017eivotu i napretku cijeloga slatinskog kraja.<\/p>\n<p style=\"text-align: justify;\"><a href=\"http:\/\/www.slatina.hr\/wp-content\/uploads\/2013\/04\/5.jpg\"><img loading=\"lazy\" decoding=\"async\" class=\"size-full wp-image-962 alignleft\" alt=\"5\" src=\"http:\/\/www.slatina.hr\/wp-content\/uploads\/2013\/04\/5.jpg\" width=\"121\" height=\"150\" srcset=\"https:\/\/www.slatina.hr\/portal\/wp-content\/uploads\/2013\/04\/5.jpg 121w, https:\/\/www.slatina.hr\/portal\/wp-content\/uploads\/2013\/04\/5-118x146.jpg 118w, https:\/\/www.slatina.hr\/portal\/wp-content\/uploads\/2013\/04\/5-40x50.jpg 40w, https:\/\/www.slatina.hr\/portal\/wp-content\/uploads\/2013\/04\/5-61x75.jpg 61w\" sizes=\"auto, (max-width:767px) 121px, 121px\" \/><\/a>Njema\u010dki knezovi Schaumburg \u2013Lippe kupili su 1841. godine slatinsko imanje od Peja\u010devi\u0107a. Svojim su dolaskom dodatno ubrzali gospodarski razvoj grada i okolice. U sredi\u0161tu Slatine sagradili su veliki vinski podrum i pecaru alkohola i zasadili su nove nasade vinove loze u okolici. U pecari je, kao sje\u0107anje na prvu slatinsku crkvu, postavljen maleni oltar posve\u0107en sv. Ani i Joakimu. Schaumburg-Lippe je poticao naseljavanje Ma\u0111ara, Nijemaca i Slovaka u Slavoniju, koji su donijeli u slatinski kraj kulturne obi\u010daje europskih gradova. U Slatini su otvarali obrtni\u010dke radionice, a pojedini su doselili s ciljem unapre\u0111ivanja rada prvih industrijskih pogona (pilana je otvorena 1885.), paromlin (1863.), ciglana oko (1890.) ispod dana\u0161nje \u017eeljezni\u010dke stanice, tvornica pjenu\u0161ca i sl.), koji su otvoreni u Slatini kao blagi odraz industrijske revolucije toga vremena u Europi. U velikom je podrumu sve do 1912. godine radila tvornica pjenu\u0161avog vina &#8211; \u0161ampanjca. Za svoje vino i pjenu\u0161ac dobio je Schaumburg-Lippe priznanje na gospodarskim izlo\u017ebama u Zagrebu i Budimpe\u0161ti. Pjenu\u0161ac je proizvodio od vina sorte Kadarka.<\/p>\n<p style=\"text-align: justify;\"><a href=\"http:\/\/www.slatina.hr\/wp-content\/uploads\/2013\/04\/6.jpg\"><img loading=\"lazy\" decoding=\"async\" class=\"size-full wp-image-964 alignleft\" alt=\"6\" src=\"http:\/\/www.slatina.hr\/wp-content\/uploads\/2013\/04\/6.jpg\" width=\"223\" height=\"150\" srcset=\"https:\/\/www.slatina.hr\/portal\/wp-content\/uploads\/2013\/04\/6.jpg 223w, https:\/\/www.slatina.hr\/portal\/wp-content\/uploads\/2013\/04\/6-217x146.jpg 217w, https:\/\/www.slatina.hr\/portal\/wp-content\/uploads\/2013\/04\/6-50x34.jpg 50w, https:\/\/www.slatina.hr\/portal\/wp-content\/uploads\/2013\/04\/6-112x75.jpg 112w\" sizes=\"auto, (max-width:767px) 223px, 223px\" \/><\/a>U drugoj polovici 19. stolje\u0107a sagra\u0111ene su i prve tvrde cestovne prometnice, a 1885. godine pu\u0161tena je u promet i prva \u017eeljezni\u010dka pruga \u2013 vicinalna pruga od Suhopolja do Slatine, kao ogranak pruge Bar\u010d &#8211; Pakrac te 1895. pruga Na\u0161ice \u2013 Slatina &#8211; Noskovci, gdje je pripojena Slavonsko podravskoj \u017eeljeznici. Od Noskovaca do dravske obale otvorena je 1901. godine. Novodoseljeni su stanovnici sagradili i nove vjerske objekte, (1858. godine osnovana je Slatinska \u017eidovska op\u0107ina, a sinagoga je sazidana 1884. godine. 1897. godine sagra\u0111ena je evangeli\u010dka crkva u Slatini). Uz ve\u0107insko (70%) rimokatoli\u010dko stanovni\u0161tvo i znatan broj pravoslavnih vjernika Slatina je pred kraj 19. stolje\u0107a postala vi\u0161ereligijska sredina. Godine 1870. u Slatini je otvoren ured kotarske oblasti, ali pravi statusni napredak grada obilje\u017eava godina 1886. kada je Slatina postala sjedi\u0161te novoosnovanog Kotara Slatina s tri upravne op\u0107ine: Slatina, Gornji Miholjac i Vo\u0107in. Slatinskom su kotaru 1894. godine dodane jo\u0161 tri nove upravne op\u0107ine:Nova Bukovica, Drenovac i Sopje.<\/p>\n<p style=\"text-align: justify;\"><a href=\"http:\/\/www.slatina.hr\/wp-content\/uploads\/2013\/04\/7.jpg\"><img loading=\"lazy\" decoding=\"async\" class=\"size-full wp-image-965 alignleft\" alt=\"7\" src=\"http:\/\/www.slatina.hr\/wp-content\/uploads\/2013\/04\/7.jpg\" width=\"200\" height=\"150\" srcset=\"https:\/\/www.slatina.hr\/portal\/wp-content\/uploads\/2013\/04\/7.jpg 200w, https:\/\/www.slatina.hr\/portal\/wp-content\/uploads\/2013\/04\/7-195x146.jpg 195w, https:\/\/www.slatina.hr\/portal\/wp-content\/uploads\/2013\/04\/7-50x38.jpg 50w, https:\/\/www.slatina.hr\/portal\/wp-content\/uploads\/2013\/04\/7-100x75.jpg 100w\" sizes=\"auto, (max-width:767px) 200px, 200px\" \/><\/a>Kotarska uprava imala je sjedi\u0161te u reprezentativnoj zgradi u samom sredi\u0161tu Slatine, koju i danas Slatin\u010dani zovu \u00abStari kotar\u00bb, a ponekad, s razlogom, i \u00abStara \u0161kola\u00bb. U toj je zgradi bila i gradska uprava, pu\u010dka \u0161kola, prva knji\u017enica, gruntovnica, op\u0107inski sud i sl. Godine 1899. nadozidan je prvi kat istog zdanja za potrebe pro\u0161irenja prostora za pu\u010dku \u0161kolu. U zgradi je od 1917. godine radila i Vi\u0161a pu\u010dka \u0161kola, od 1922.god. \u0160egrtska \u0161kola, od 1924. godine Gra\u0111anska \u0161kola, a nakon drugoga svjetskoga rata bile su tu smje\u0161tene udruge te osnovna \u0161kola sve do 1981. godine.<\/p>\n<p style=\"text-align: justify;\"><a href=\"http:\/\/www.slatina.hr\/wp-content\/uploads\/2013\/04\/8.jpg\"><img loading=\"lazy\" decoding=\"async\" class=\"size-full wp-image-966 alignleft\" alt=\"8\" src=\"http:\/\/www.slatina.hr\/wp-content\/uploads\/2013\/04\/8.jpg\" width=\"205\" height=\"150\" srcset=\"https:\/\/www.slatina.hr\/portal\/wp-content\/uploads\/2013\/04\/8.jpg 205w, https:\/\/www.slatina.hr\/portal\/wp-content\/uploads\/2013\/04\/8-200x146.jpg 200w, https:\/\/www.slatina.hr\/portal\/wp-content\/uploads\/2013\/04\/8-50x37.jpg 50w, https:\/\/www.slatina.hr\/portal\/wp-content\/uploads\/2013\/04\/8-103x75.jpg 103w\" sizes=\"auto, (max-width:767px) 205px, 205px\" \/><\/a>Grad je krajem 19. stolje\u0107a imao ve\u0107 mnoge gradske atribute:<br \/>\nSlatinsku \u0161tedionicu (1873.), Narodnu \u010ditaonicu (1896.), Obrtni\u010dku zadrugu (1882.) kao prvu profesionalnu udrugu u Slatini, te ostale gra\u0111anske udruge \u2013 Dobrovoljno vatrogasno dru\u0161tvo (1874.), U\u010diteljsko dru\u0161tvo Kotara slatinskog (1896.), Hrvatsko pjeva\u010dko dru\u0161tvo \u00abZrinski\u00bb (1900.), Hrvatski sokol (1907.) Nogometni \u0161portski klub \u00abOrao\u00bb, po\u0161tanski ured (oko 1856.), zdravstvene ustanove \u2013 ljekarnu \u00abK sv. \u0107irilu i Metodu\u00bb (1874.) Zdravstvena op\u0107ina Slatina, tj. \u00abOb\u010dinska po\u0161astna bolnica Slatina s \u0161est postelja\u00bb (1894.), veterinarski kotar (1893.), Hotel B\u00f6hm, Hotel \u0160andl, Hotel Slatina, tiskaru Bauer (oko 1885.) i dr.<\/p>\n<p style=\"text-align: justify;\"><a href=\"http:\/\/www.slatina.hr\/wp-content\/uploads\/2013\/04\/9.jpg\"><img loading=\"lazy\" decoding=\"async\" class=\"size-full wp-image-967 alignleft\" alt=\"9\" src=\"http:\/\/www.slatina.hr\/wp-content\/uploads\/2013\/04\/9.jpg\" width=\"208\" height=\"150\" srcset=\"https:\/\/www.slatina.hr\/portal\/wp-content\/uploads\/2013\/04\/9.jpg 208w, https:\/\/www.slatina.hr\/portal\/wp-content\/uploads\/2013\/04\/9-202x146.jpg 202w, https:\/\/www.slatina.hr\/portal\/wp-content\/uploads\/2013\/04\/9-50x36.jpg 50w, https:\/\/www.slatina.hr\/portal\/wp-content\/uploads\/2013\/04\/9-104x75.jpg 104w\" sizes=\"auto, (max-width:767px) 208px, 208px\" \/><\/a>Dana\u0161nja Slatina izrasla je iz malenog gradi\u0107a \u010diji su smjer razvoja postavile plemi\u0107ke obitelji koje su kroz povijest bile vlasnici slatinskih imanja. Posljednja me\u0111u njima bila je obitelja grof Ivana Dra\u0161kovi\u0107a Trako\u0161\u0107anskog koji su slatinsko imanje 1914. godine kupili od kneza Schaumburg-Lippe. Slatina je u to vrijeme bila sredi\u0161te kotara, u kojem se stalno pove\u010davao broj stanovnika (od 1880. do 1914. broj stanovnika pove\u0107an je za 50,42% ili 12000 stanovnika) i koji je postao poznat po dobrim konjima, velikim vinogradima, \u0161umskim povr\u0161inama punim divlja\u010di, doma\u0107em pjenu\u0161cu, lova\u010dkim psima i velikom sajmu. Grad je u to vrijeme bio prometno, upravno, gospodarsko i kulturno sredi\u0161te ovoga dijela Hrvatske. Dra\u0161kovi\u0107i su bili veliki izvoznici drva, poljoprivrednih proizvoda i stoke. Bili su vlasnici velikih povr\u0161ina zemlje na slatinskom podru\u010dju sve do vremena Drugoga svjetskoga rata, tj. sve do agrarne reforme.<\/p>\n<p style=\"text-align: justify;\"><a href=\"http:\/\/www.slatina.hr\/wp-content\/uploads\/2013\/04\/10.jpg\"><img loading=\"lazy\" decoding=\"async\" class=\"size-full wp-image-968 alignleft\" alt=\"10\" src=\"http:\/\/www.slatina.hr\/wp-content\/uploads\/2013\/04\/10.jpg\" width=\"207\" height=\"150\" srcset=\"https:\/\/www.slatina.hr\/portal\/wp-content\/uploads\/2013\/04\/10.jpg 207w, https:\/\/www.slatina.hr\/portal\/wp-content\/uploads\/2013\/04\/10-201x146.jpg 201w, https:\/\/www.slatina.hr\/portal\/wp-content\/uploads\/2013\/04\/10-50x36.jpg 50w, https:\/\/www.slatina.hr\/portal\/wp-content\/uploads\/2013\/04\/10-104x75.jpg 104w\" sizes=\"auto, (max-width:767px) 207px, 207px\" \/><\/a>\u00abDra\u0161kovi\u0107ev dvorac\u00bb ili \u00abVila Margold\u00bb, sagra\u0111en je kao prvi slatinski mlin na valjke. U njemu je od sredine 19. stolje\u0107a svoj prvi molitveni dom u Slatini imala slatinska \u017eidovska zajednica. U ovome su objektu stanovali vlastelinski slu\u017ebenici po\u010detkom 20. stolje\u0107a. Nakon toga objekat je imao razli\u010dite namjene. Tu je bio dje\u010dji dom poslije Drugog svjetskoga rata, jedno vrijeme Srednja \u0161kola, kao i stanovi za njihove profesore. Nakon obnove krajem osamdesetih godina svoj su prostor sve do 1991. godine tu imali Zavi\u010dajni muzej Slatina, Gradsko kazali\u0161te \u00abFranjo Serti\u0107 Bijeli\u00bb, Slatinski \u0161ahovski klub, a na prvome je katu bila sve\u010dana gradska dvorana za vjen\u010danja.<\/p>\n<p style=\"text-align: justify;\">\n<a href=\"http:\/\/www.slatina.hr\/wp-content\/uploads\/2013\/04\/111.jpg\"><img loading=\"lazy\" decoding=\"async\" class=\"size-full wp-image-969 alignleft\" alt=\"11\" src=\"http:\/\/www.slatina.hr\/wp-content\/uploads\/2013\/04\/111.jpg\" width=\"117\" height=\"150\" srcset=\"https:\/\/www.slatina.hr\/portal\/wp-content\/uploads\/2013\/04\/111.jpg 117w, https:\/\/www.slatina.hr\/portal\/wp-content\/uploads\/2013\/04\/111-114x146.jpg 114w, https:\/\/www.slatina.hr\/portal\/wp-content\/uploads\/2013\/04\/111-39x50.jpg 39w, https:\/\/www.slatina.hr\/portal\/wp-content\/uploads\/2013\/04\/111-59x75.jpg 59w\" sizes=\"auto, (max-width:767px) 117px, 117px\" \/><\/a>Grad Slatina se razvijao na sjeci\u0161tu va\u017enih prometnica, koje su povezivale europske krajeve sa sjevera i juga i hrvatske isto\u010dne i zapadne krajeve. Kroz svoju je dugu pisanu povijest grad nosio svoje staro ime Slatina pisano u vi\u0161e ina\u010dica (Saladnah, Slatinaj, Zalathnuk i sl.), a godine 1921. dobio je naziv Podravska Slatina. Grad i njegovi stanovnici su s tim imenom prolazili kroz mnogobrojne borbe i svjedo\u010dili su raznim te\u0161kim i ljudskim i ratnim borbama i sudbinama kroz Drugi svjetski rat, vrijeme Hrvatskog prolje\u0107a, Domovinski rat. Kada je 1991. godine Hrvatska postala samostalna dr\u017eava Slatini je 1992. godine vra\u0107eno njezino staro povijesno ime, a grad je za svoga za\u0161titnika odabrao sv. Josipa, glavnog patrona svoje \u017eupne crkve, \u010diji dan &#8211; 19. o\u017eujka gra\u0111ani Slatine raznolikim programima obilje\u017eavaju od tada svake godine.<\/p>\n","protected":false},"excerpt":{"rendered":"<p>Povijesni prikaz razvoja Slatine i okolice Slatina i slatinski kraj naseljavani su od najstarijih vremena \u0161to potvr\u0111uju i arheolo\u0161ka nalazi\u0161ta u slatinskoj okolici (Zvonimirovo, Nova<span class=\"excerpt-hellip\"> [\u2026]<\/span><\/p>\n","protected":false},"author":1,"featured_media":0,"parent":0,"menu_order":0,"comment_status":"closed","ping_status":"closed","template":"","meta":{"ngg_post_thumbnail":0,"footnotes":""},"class_list":["post-690","page","type-page","status-publish","hentry"],"_links":{"self":[{"href":"https:\/\/www.slatina.hr\/portal\/wp-json\/wp\/v2\/pages\/690","targetHints":{"allow":["GET"]}}],"collection":[{"href":"https:\/\/www.slatina.hr\/portal\/wp-json\/wp\/v2\/pages"}],"about":[{"href":"https:\/\/www.slatina.hr\/portal\/wp-json\/wp\/v2\/types\/page"}],"author":[{"embeddable":true,"href":"https:\/\/www.slatina.hr\/portal\/wp-json\/wp\/v2\/users\/1"}],"replies":[{"embeddable":true,"href":"https:\/\/www.slatina.hr\/portal\/wp-json\/wp\/v2\/comments?post=690"}],"version-history":[{"count":0,"href":"https:\/\/www.slatina.hr\/portal\/wp-json\/wp\/v2\/pages\/690\/revisions"}],"wp:attachment":[{"href":"https:\/\/www.slatina.hr\/portal\/wp-json\/wp\/v2\/media?parent=690"}],"curies":[{"name":"wp","href":"https:\/\/api.w.org\/{rel}","templated":true}]}}