{"id":1682,"date":"2013-04-19T22:43:41","date_gmt":"2013-04-19T20:43:41","guid":{"rendered":"http:\/\/www.slatina.hr\/?page_id=1682"},"modified":"2013-04-19T22:43:41","modified_gmt":"2013-04-19T20:43:41","slug":"ustrojstvo-grada-slatine","status":"publish","type":"page","link":"https:\/\/www.slatina.hr\/portal\/ustrojstvo-grada-slatine\/","title":{"rendered":"Ustrojstvo Grada Slatine"},"content":{"rendered":"<p><a href=\"http:\/\/www.slatina.hr\/wp-content\/uploads\/2013\/04\/12.jpg\"><img loading=\"lazy\" decoding=\"async\" class=\"size-full wp-image-971 alignleft\" src=\"http:\/\/www.slatina.hr\/wp-content\/uploads\/2013\/04\/12.jpg\" alt=\"1\" width=\"110\" height=\"150\" title=\"\" srcset=\"https:\/\/www.slatina.hr\/portal\/wp-content\/uploads\/2013\/04\/12.jpg 110w, https:\/\/www.slatina.hr\/portal\/wp-content\/uploads\/2013\/04\/12-107x146.jpg 107w, https:\/\/www.slatina.hr\/portal\/wp-content\/uploads\/2013\/04\/12-37x50.jpg 37w, https:\/\/www.slatina.hr\/portal\/wp-content\/uploads\/2013\/04\/12-55x75.jpg 55w\" sizes=\"auto, (max-width:767px) 110px, 110px\" \/><\/a>Grad Slatina je jedinica lokalne samouprave na podru\u010dju utvr\u0111enom Zakonom o podru\u010djima \u017eupanija, gradova i op\u0107ina u Republici Hrvatskoj, a obuhva\u0107a podru\u010dja sljede\u0107ih naselja: Baki\u0107, Bistrica, Donji Meljani, Goleni\u0107, Gornji Miholjac, Ivanbrijeg, Kozice, Lukavac, Markovo, Medinci, Novi Senkovac, Radosavci, Sladojevci, Sladojeva\u010dki Lug i Slatina.<\/p>\n<p>&nbsp;<\/p>\n<p>&nbsp;<\/p>\n<p>Tijela grada Slatine su:<\/p>\n<p>&#8211; izvr\u0161no tijelo &#8211; gradona\u010delnik<br \/>\n&#8211; predstavni\u010dko tijelo &#8211; Gradsko vije\u0107e (ima ukupno 17 \u010dlanova),<\/p>\n<p><strong><span style=\"color: #3366ff;\">GRADONA\u010dELNIK,&nbsp;Denis Ostro\u0161i\u0107<\/span><\/strong><br \/>\n&#8211; <strong><span style=\"color: #3366ff;\">Sanja Mrzljak Jovani\u0107, zamjenica gradona\u010delnika,<\/span><\/strong><br \/>\n&#8211; <strong><span style=\"color: #3366ff;\">Bojan Plantak, &nbsp;zamjenik gradona\u010delnika.<\/span><\/strong><\/p>\n<p><strong>GRADSKO VIJE\u0106E:<\/strong><\/p>\n<ol>\n<li>Ivan Ro\u0161ta\u0161<\/li>\n<li>Robertino Repi\u0107<\/li>\n<li>Sanja Bo\u0161njak<\/li>\n<li>Josip Hetrih<\/li>\n<li>Alenka Butorac<\/li>\n<li>Ilija Nikoli\u0107<\/li>\n<li>Ivana \u0160krlec<\/li>\n<li>Sanja Juki\u0107<\/li>\n<li>Dario Vrbaslija<\/li>\n<li>Martina Tepe\u0161<\/li>\n<li>Sa\u0161a Matijevi\u0107<\/li>\n<li>Ana Nedi\u0107<\/li>\n<li>Tomislav Vukovski<\/li>\n<li>Kazimir Libl<\/li>\n<li>Jasna Plantak Kotur<\/li>\n<li>Darija Krznari\u0107<\/li>\n<li>Dragan Jovani\u0107<\/li>\n<\/ol>\n<p>Kao oblik neposrednog sudjelovanja gra\u0111ana u odlu\u010divanju o lokalnim poslovima od neposrednog i svakodnevnog utjecaja na \u017eivot i rad gra\u0111ana na podru\u010dju Grada Slatine osnovan je 21 Mjesni odbor.<\/p>\n<p>Tijela Mjesnog odbora su:<\/p>\n<p>&#8211; Vije\u0107e Mjesnog odbora<br \/>\n&#8211; predsjednik Vije\u0107a Mjesnog odbora.<\/p>\n<p><strong>MJESNI ODBORI:<\/strong><\/p>\n<p>1. &nbsp;\u017deljko Korman, MO Markovo<br \/>\n2. &nbsp;Ilija Bari\u0161i\u0107, MO Medinci<br \/>\n3. &nbsp;Marko Teli\u0161man, MO Vladimir Nazor Slatina<br \/>\n4.&nbsp; Tihomir Matan\u010di\u0107, MO Bistrica<br \/>\n5.&nbsp; Zlatko Borovec, MO Donji Meljani<br \/>\n6. &nbsp;Hrvoje Kun\u0161tek, MO Sladojeva\u010dki Lug<br \/>\n7. &nbsp;Tomislav Kizivat, MO Sladojevci<br \/>\n8. &nbsp;\u017deljko Kolinger,, MO Gornji Miholjac<br \/>\n9. Robert Medved,, MO Baki\u0107<br \/>\n10. Dra\u017een Kostanjevac, MO Senkovac<br \/>\n11. Dario Medved, MO Kozice<br \/>\n12. Damir Katalin, MO Poto\u010dani<br \/>\n13. &nbsp;Damir Sabljak, MO Kralj Zvonimir Slatina<br \/>\n14. Ana Nemet, MO Javorica Slatina<br \/>\n15. Ivana \u0160krlec, MO Bra\u0107e Radi\u0107 Slatina<br \/>\n16. Josip Gebaj, MO Matija Gubec, Slatina<br \/>\n17. Ivan Ga\u0161pari\u0107, MO Goleni\u0107<br \/>\n18. Zoran Rabi\u0107, MO Radosavci<br \/>\n19. Boris Rado\u010daj, MO Centar<br \/>\n20. Tina Je\u0111ud, MO Ivanbrijeg<br \/>\n21. Marina \u0160krobi\u0107, MO Lukavac<\/p>\n<p>U skladu s ustavnim i zakonskim odredbama, hrvatskim dr\u017eavljanima \u2013 pripadnicima srpske nacionalne manjine na podru\u010dju grada Slatine, jam\u010di se zastupljenost u Gradskom vije\u0107u grada Slatine od jednog \u010dlana.<br \/>\nTemeljem Ustavnog zakona o pravima nacionalnih manjina u Republici Hrvatskoj s ciljem unapre\u0111ivanja, o\u010duvanja i za\u0161tite polo\u017eaja pripadnika srpske nacionalne manjine u gradu Slatini 2003. godine osnovano je Vije\u0107e srpske nacionalne manjine grada Slatine.<br \/>\nDjelokrug rada Grada<\/p>\n<p>Grad Slatina u svom samoupravnom djelokrugu obavlja poslove lokalnog zna\u010daja kojima se neposredno ostvaruju potrebe gra\u0111ana, a koji nisu Ustavom ili Zakonom dodijeljeni dr\u017eavnim tijelima, i to osobito poslove koji se odnose na:<\/p>\n<p>1.&nbsp; ure\u0111enje naselja i stanovanje,<br \/>\n2.&nbsp; prostorno i urbanisti\u010dko planiranje,<br \/>\n3.&nbsp; komunalne djelatnosti,<br \/>\n4.&nbsp; brigu o djeci,<br \/>\n5.&nbsp; socijalnu skrb,<br \/>\n6.&nbsp; primarnu zdravstvenu za\u0161titu,<br \/>\n7.&nbsp; odgoj i osnovno obrazovanje,<br \/>\n8.&nbsp; kulturu, tjelesnu kulturu i \u0161port,<br \/>\n9.&nbsp; za\u0161titu potro\u0161a\u010da,<br \/>\n10.&nbsp; za\u0161titu i unapre\u0111enje prirodnog okoli\u0161a,<br \/>\n11.&nbsp; protupo\u017earnu i civilnu za\u0161titu.<\/p>\n<p>Za obavljanje poslova iz samoupravnog djelokruga grada Slatine ustrojeni su upravni odjeli i slu\u017ebe grada Slatine koji neposredno izvr\u0161avaju provo\u0111enje op\u0107ih akata Gradskog vije\u0107a i gradona\u010delnika Grada Slatine i odgovorni su za stanje u podru\u010djima za koje su osnovani. Upravne, stru\u010dne i ostale poslove u upravnim tijelima obavljaju slu\u017ebenici i namje\u0161tenici.<\/p>\n<p><strong>USTANOVE GRADA SLATINE<\/strong><\/p>\n<p>1. PU\u010dKO OTVORENO U\u010dILI\u0160TE<br \/>\nSLATINA, \u0160etali\u0161te Julija Burgera 1<br \/>\npou.slatina.ravnatelj@vt.t-com.hr<br \/>\ntel. 033-551-371,&nbsp; fax: 033-551-371<br \/>\nweb.stranica: www.pou-slatina.hr<\/p>\n<p>2. DJE\u010dJI VRTI\u0107 &#8220;ZEKO&#8221;<br \/>\nSLATINA, Trg ZNG bb<br \/>\ndjecji.vrtic.zeko@vt.t-com.hr<br \/>\ntel. 033-551-284,&nbsp; fax: 033-551-284<br \/>\nweb.stranica: www.vrtic-zeko.hr<\/p>\n<p>3. ZAVI\u010dAJNI MUZEJ<br \/>\nSLATINA, A.Kova\u010di\u0107a 1<br \/>\nmuzej-slatina@vt.t-com.hr<br \/>\ntel. 033-551-171,&nbsp; fax: 033-400-540<br \/>\nweb.stranica: www.muzej slatina<\/p>\n<p>4. GRADSKA KNJI\u017dNICA I \u010dITAONICA<br \/>\nSLATINA, \u0160etali\u0161te Julija Burgera 1<br \/>\nknjiznica.citaonica.slatina@vt.t-com.hr<br \/>\ntel.033-551-278,&nbsp; fax: 033-400-678<br \/>\nweb.stranicu nema<\/p>\n<p>5. JAVNA VATROGASNA POSTROJBA<br \/>\nSLATINA, Ante Kova\u010di\u0107a 2<br \/>\njavna.vatrogasna.postrojba.grada.slatina@vt.t-com.hr<br \/>\ntel.033-555-269, fax: 033-400-747<br \/>\nnema web stranicu<\/p>\n<p><strong>GRADSKE TVRTKE<\/strong><\/p>\n<p>1. KOMRAD d.o.o. SLATINA<br \/>\nSLATINA, Bra\u0107e Radi\u0107a 2<br \/>\nkomrad@vt.t-com.hr<br \/>\ntel. 033-551-252;&nbsp; fax: 033-551-941<br \/>\nweb. stranica: www.komrad.hr<\/p>\n<p>2. SLATINSKI INFORMATIVNI CENTAR d.o.o.<br \/>\nSLATINA, Bra\u0107e Radi\u0107a 13<br \/>\nmail: slatinski.centar@optinet.hr<br \/>\ntel. 033-401-100; fax: 033-401-102<br \/>\nweb. stranica: www.radioslatina.hr<\/p>\n<p>3.&nbsp;SLATINA KOM d.o.o. za komunalne usluge<\/p>\n<p>Trg Ru\u0111era Bo\u0161kovi\u0107a 16 B , Slatina 33520<\/p>\n<p>telefoni:<\/p>\n<p>033 400 481 tajnica, ured direktora<\/p>\n<p>033 400 494 referent za ra\u010dune gra\u0111ana, referent pogrebne usluge<\/p>\n<p>033 400 480 referent za upravljanje zgradama, referent za opomene<\/p>\n<p>091 303 38 28 de\u017eurni &nbsp;pogrebne usluge<\/p>\n<p>mail adresa:&nbsp;uprava.slatina.kom@gmail.com<\/p>\n<p>web stranica:&nbsp;slatina-kom.hr<\/p>\n","protected":false},"excerpt":{"rendered":"<p>Grad Slatina je jedinica lokalne samouprave na podru\u010dju utvr\u0111enom Zakonom o podru\u010djima \u017eupanija, gradova i op\u0107ina u Republici Hrvatskoj, a obuhva\u0107a podru\u010dja sljede\u0107ih naselja: Baki\u0107,<span class=\"excerpt-hellip\"> [\u2026]<\/span><\/p>\n","protected":false},"author":1,"featured_media":0,"parent":0,"menu_order":0,"comment_status":"closed","ping_status":"closed","template":"","meta":{"ngg_post_thumbnail":0,"footnotes":""},"class_list":["post-1682","page","type-page","status-publish","hentry"],"_links":{"self":[{"href":"https:\/\/www.slatina.hr\/portal\/wp-json\/wp\/v2\/pages\/1682","targetHints":{"allow":["GET"]}}],"collection":[{"href":"https:\/\/www.slatina.hr\/portal\/wp-json\/wp\/v2\/pages"}],"about":[{"href":"https:\/\/www.slatina.hr\/portal\/wp-json\/wp\/v2\/types\/page"}],"author":[{"embeddable":true,"href":"https:\/\/www.slatina.hr\/portal\/wp-json\/wp\/v2\/users\/1"}],"replies":[{"embeddable":true,"href":"https:\/\/www.slatina.hr\/portal\/wp-json\/wp\/v2\/comments?post=1682"}],"version-history":[{"count":0,"href":"https:\/\/www.slatina.hr\/portal\/wp-json\/wp\/v2\/pages\/1682\/revisions"}],"wp:attachment":[{"href":"https:\/\/www.slatina.hr\/portal\/wp-json\/wp\/v2\/media?parent=1682"}],"curies":[{"name":"wp","href":"https:\/\/api.w.org\/{rel}","templated":true}]}}