{"id":122736,"date":"2025-02-12T08:03:27","date_gmt":"2025-02-12T07:03:27","guid":{"rendered":"https:\/\/www.slatina.hr\/portal\/?page_id=122736"},"modified":"2025-02-12T08:07:59","modified_gmt":"2025-02-12T07:07:59","slug":"sprjecavanje-sukoba-interesa","status":"publish","type":"page","link":"https:\/\/www.slatina.hr\/portal\/nabava\/sprjecavanje-sukoba-interesa\/","title":{"rendered":"Sprje\u010davanje sukoba interesa"},"content":{"rendered":"<h4>Naru\u010ditelj sukladno \u010dl. 80. st. 2. ZJN 2016 na temelju izjava svojih predstavnika, na svojim internetskim stranicama objavljuje: <strong>Popis gospodarskih subjekata s kojima je u sukobu interesa<\/strong><\/h4>\n","protected":false},"excerpt":{"rendered":"<p>Naru\u010ditelj sukladno \u010dl. 80. st. 2. ZJN 2016 na temelju izjava svojih predstavnika, na svojim internetskim stranicama objavljuje: Popis gospodarskih subjekata s kojima je u<span class=\"excerpt-hellip\"> [\u2026]<\/span><\/p>\n","protected":false},"author":1,"featured_media":0,"parent":4656,"menu_order":3,"comment_status":"closed","ping_status":"closed","template":"","meta":{"ngg_post_thumbnail":0,"footnotes":""},"class_list":["post-122736","page","type-page","status-publish","hentry"],"_links":{"self":[{"href":"https:\/\/www.slatina.hr\/portal\/wp-json\/wp\/v2\/pages\/122736","targetHints":{"allow":["GET"]}}],"collection":[{"href":"https:\/\/www.slatina.hr\/portal\/wp-json\/wp\/v2\/pages"}],"about":[{"href":"https:\/\/www.slatina.hr\/portal\/wp-json\/wp\/v2\/types\/page"}],"author":[{"embeddable":true,"href":"https:\/\/www.slatina.hr\/portal\/wp-json\/wp\/v2\/users\/1"}],"replies":[{"embeddable":true,"href":"https:\/\/www.slatina.hr\/portal\/wp-json\/wp\/v2\/comments?post=122736"}],"version-history":[{"count":2,"href":"https:\/\/www.slatina.hr\/portal\/wp-json\/wp\/v2\/pages\/122736\/revisions"}],"predecessor-version":[{"id":122739,"href":"https:\/\/www.slatina.hr\/portal\/wp-json\/wp\/v2\/pages\/122736\/revisions\/122739"}],"up":[{"embeddable":true,"href":"https:\/\/www.slatina.hr\/portal\/wp-json\/wp\/v2\/pages\/4656"}],"wp:attachment":[{"href":"https:\/\/www.slatina.hr\/portal\/wp-json\/wp\/v2\/media?parent=122736"}],"curies":[{"name":"wp","href":"https:\/\/api.w.org\/{rel}","templated":true}]}}