{"id":116760,"date":"2023-05-03T13:25:26","date_gmt":"2023-05-03T11:25:26","guid":{"rendered":"https:\/\/www.slatina.hr\/portal\/?page_id=116760"},"modified":"2023-05-03T13:29:36","modified_gmt":"2023-05-03T11:29:36","slug":"smart-city-slatina","status":"publish","type":"page","link":"https:\/\/www.slatina.hr\/portal\/smart-city-slatina\/","title":{"rendered":"Smart City Slatina"},"content":{"rendered":"<p><strong>Opis projekta:<\/strong><\/p>\n<p>Projekt digitalne transformacije Grada Slatine obuhva\u0107a sljede\u0107a podru\u010dja intervencija: IKT rje\u0161enja, digitalizacija, e-usluge, aplikacije za javne usluge i\/ili poslovanje javnopravnih tijela; pametni gradovi \u2013 kori\u0161tenje digitalnih i komunikacijskih tehnologija kako bi se \u0161to bolje zadovoljile potrebe gra\u0111ana i unaprijedila u\u010dinkovitost gradskih usluga.&nbsp; Javne usluge i poslovni procesi koji su predmet projektnog prijedloga odnose se na pribli\u017eavanje usluga i poslovnih procesa gra\u0111anima. Pod uslugama za gra\u0111ene smatraju se pregled administrativnih postupaka i na\u010dina interakcije s Gradskom upravom koje gra\u0111ani mogu djelomi\u010dno ili u potpunosti obaviti digitalnim putem. Javne usluge i poslovni procesi koje Grad Slatina planira digitalizirati su mogu\u0107nost predaje digitalnih obrazaca, sudjelovanje u kreiranju prora\u010duna putem aplikacije, uvid u registar gradske imovine, isho\u0111enje financijskih kartica s pregledom obaveza, pra\u0107enje predmeta u stvarnom vremenu.<\/p>\n<p><strong>Cilj projekta:<\/strong><\/p>\n<p>Izraditi projektno \u2013 tehni\u010dku dokumentaciju za projekt digitalne transformacije Grad Slatine \u201eSmart City Slatina\u201c kako bi se moglo krenuti u fizi\u010dku implementaciju projekta odnosno u projekt digitalne transformacije Grada Slatine \u201eSmart City Slatina\u201c<\/p>\n<p>Cilj projekta digitalne transformacije Grada Slatine \u201eSmart City Slatina\u201c je uspostaviti tehni\u010dko \u2013 tehnolo\u0161ku infrastrukturu i softvere u cilju unaprje\u0111enje procesa i usluga koje Grad Slatina pru\u017ea ciljnim skupinama (gra\u0111anima, poduzetnicima, posjetiteljima) kao korisnicima gradskih i ostalih usluga koje pru\u017eaju ustanove i tvrtke unutar odgovornosti Grada te tako unaprijediti kvalitetu \u017eivljenja kao i poduzetni\u010dku i turisti\u010dku klimu u Gradu Slatini. &nbsp;<\/p>\n<p><strong>Ciljna skupina:<\/strong><\/p>\n<p>Zaposlenici Grad Slatine i 12 ustanova i tvrtki povezanih sa Gradom Slatinom i njihovi zaposlenici. Krajnji korisnici projekta su gra\u0111ani Grad Slatine, poduzetnici i posjetitelji. &nbsp;<\/p>\n<p>Vrijednost projekta: 78.837,35 \u20ac intenzitet potpore iznosi 89,99% (70.953,61 \u20ac)&nbsp;<\/p>\n<p>Razdoblje provedbe projekta: 1.5.2023. \u2013 31.5.2025.<\/p>\n<p><a href=\"https:\/\/www.slatina.hr\/portal\/wp-content\/uploads\/2023\/05\/EU-NextGenerationEU.jpg\"><img loading=\"lazy\" decoding=\"async\" class=\"aligncenter wp-image-116764\" src=\"https:\/\/www.slatina.hr\/portal\/wp-content\/uploads\/2023\/05\/EU-NextGenerationEU.jpg\" alt=\"\" width=\"841\" height=\"202\" srcset=\"https:\/\/www.slatina.hr\/portal\/wp-content\/uploads\/2023\/05\/EU-NextGenerationEU.jpg 1024w, https:\/\/www.slatina.hr\/portal\/wp-content\/uploads\/2023\/05\/EU-NextGenerationEU-768x185.jpg 768w, https:\/\/www.slatina.hr\/portal\/wp-content\/uploads\/2023\/05\/EU-NextGenerationEU-260x62.jpg 260w, https:\/\/www.slatina.hr\/portal\/wp-content\/uploads\/2023\/05\/EU-NextGenerationEU-50x12.jpg 50w, https:\/\/www.slatina.hr\/portal\/wp-content\/uploads\/2023\/05\/EU-NextGenerationEU-150x36.jpg 150w, https:\/\/www.slatina.hr\/portal\/wp-content\/uploads\/2023\/05\/EU-NextGenerationEU-620x149.jpg 620w\" sizes=\"auto, (max-width:767px) 480px, (max-width:841px) 100vw, 841px\" \/><\/a><\/p>\n","protected":false},"excerpt":{"rendered":"<p>Opis projekta: Projekt digitalne transformacije Grada Slatine obuhva\u0107a sljede\u0107a podru\u010dja intervencija: IKT rje\u0161enja, digitalizacija, e-usluge, aplikacije za javne usluge i\/ili poslovanje javnopravnih tijela; pametni gradovi<span class=\"excerpt-hellip\"> [\u2026]<\/span><\/p>\n","protected":false},"author":3,"featured_media":0,"parent":0,"menu_order":0,"comment_status":"closed","ping_status":"closed","template":"","meta":{"ngg_post_thumbnail":0,"footnotes":""},"class_list":["post-116760","page","type-page","status-publish","hentry"],"_links":{"self":[{"href":"https:\/\/www.slatina.hr\/portal\/wp-json\/wp\/v2\/pages\/116760","targetHints":{"allow":["GET"]}}],"collection":[{"href":"https:\/\/www.slatina.hr\/portal\/wp-json\/wp\/v2\/pages"}],"about":[{"href":"https:\/\/www.slatina.hr\/portal\/wp-json\/wp\/v2\/types\/page"}],"author":[{"embeddable":true,"href":"https:\/\/www.slatina.hr\/portal\/wp-json\/wp\/v2\/users\/3"}],"replies":[{"embeddable":true,"href":"https:\/\/www.slatina.hr\/portal\/wp-json\/wp\/v2\/comments?post=116760"}],"version-history":[{"count":2,"href":"https:\/\/www.slatina.hr\/portal\/wp-json\/wp\/v2\/pages\/116760\/revisions"}],"predecessor-version":[{"id":116766,"href":"https:\/\/www.slatina.hr\/portal\/wp-json\/wp\/v2\/pages\/116760\/revisions\/116766"}],"wp:attachment":[{"href":"https:\/\/www.slatina.hr\/portal\/wp-json\/wp\/v2\/media?parent=116760"}],"curies":[{"name":"wp","href":"https:\/\/api.w.org\/{rel}","templated":true}]}}