{"id":103571,"date":"2021-01-26T13:07:27","date_gmt":"2021-01-26T12:07:27","guid":{"rendered":"https:\/\/www.slatina.hr\/portal\/?page_id=103571"},"modified":"2021-01-26T13:15:06","modified_gmt":"2021-01-26T12:15:06","slug":"grad-slatina-potpisao-je-sporazum-s-ministarstvom-pravosuda-i-uprave-i-ukljucio-se-u-sustav-e-novorodence","status":"publish","type":"page","link":"https:\/\/www.slatina.hr\/portal\/grad-slatina-potpisao-je-sporazum-s-ministarstvom-pravosuda-i-uprave-i-ukljucio-se-u-sustav-e-novorodence\/","title":{"rendered":"Grad Slatina potpisao je Sporazum s Ministarstvom pravosu\u0111a i uprave i uklju\u010dio se u sustav e &#8211; Novoro\u0111en\u010de"},"content":{"rendered":"<p>&nbsp;<\/p>\n<p><a href=\"https:\/\/www.slatina.hr\/portal\/wp-content\/uploads\/2021\/01\/e-novorodence.jpg\"><img loading=\"lazy\" decoding=\"async\" class=\"aligncenter size-full wp-image-103572\" src=\"https:\/\/www.slatina.hr\/portal\/wp-content\/uploads\/2021\/01\/e-novorodence.jpg\" alt=\"\" width=\"590\" height=\"827\" srcset=\"https:\/\/www.slatina.hr\/portal\/wp-content\/uploads\/2021\/01\/e-novorodence.jpg 590w, https:\/\/www.slatina.hr\/portal\/wp-content\/uploads\/2021\/01\/e-novorodence-104x146.jpg 104w, https:\/\/www.slatina.hr\/portal\/wp-content\/uploads\/2021\/01\/e-novorodence-36x50.jpg 36w, https:\/\/www.slatina.hr\/portal\/wp-content\/uploads\/2021\/01\/e-novorodence-54x75.jpg 54w, https:\/\/www.slatina.hr\/portal\/wp-content\/uploads\/2021\/01\/e-novorodence-535x750.jpg 535w\" sizes=\"auto, (max-width:767px) 480px, 590px\" \/><\/a><\/p>\n","protected":false},"excerpt":{"rendered":"<p>&nbsp;<\/p>\n","protected":false},"author":1,"featured_media":0,"parent":0,"menu_order":0,"comment_status":"closed","ping_status":"closed","template":"","meta":{"ngg_post_thumbnail":0,"footnotes":""},"class_list":["post-103571","page","type-page","status-publish","hentry"],"_links":{"self":[{"href":"https:\/\/www.slatina.hr\/portal\/wp-json\/wp\/v2\/pages\/103571","targetHints":{"allow":["GET"]}}],"collection":[{"href":"https:\/\/www.slatina.hr\/portal\/wp-json\/wp\/v2\/pages"}],"about":[{"href":"https:\/\/www.slatina.hr\/portal\/wp-json\/wp\/v2\/types\/page"}],"author":[{"embeddable":true,"href":"https:\/\/www.slatina.hr\/portal\/wp-json\/wp\/v2\/users\/1"}],"replies":[{"embeddable":true,"href":"https:\/\/www.slatina.hr\/portal\/wp-json\/wp\/v2\/comments?post=103571"}],"version-history":[{"count":2,"href":"https:\/\/www.slatina.hr\/portal\/wp-json\/wp\/v2\/pages\/103571\/revisions"}],"predecessor-version":[{"id":103575,"href":"https:\/\/www.slatina.hr\/portal\/wp-json\/wp\/v2\/pages\/103571\/revisions\/103575"}],"wp:attachment":[{"href":"https:\/\/www.slatina.hr\/portal\/wp-json\/wp\/v2\/media?parent=103571"}],"curies":[{"name":"wp","href":"https:\/\/api.w.org\/{rel}","templated":true}]}}