{"id":103561,"date":"2021-01-25T13:31:37","date_gmt":"2021-01-25T12:31:37","guid":{"rendered":"https:\/\/www.slatina.hr\/portal\/?page_id=103561"},"modified":"2025-01-15T15:04:37","modified_gmt":"2025-01-15T14:04:37","slug":"izvjesce-o-stanju-u-prostoru","status":"publish","type":"page","link":"https:\/\/www.slatina.hr\/portal\/izvjesce-o-stanju-u-prostoru\/","title":{"rendered":"Izvje\u0161\u0107e o stanju u prostoru"},"content":{"rendered":"<p><strong>DOKUMENT U PDF FORMATU PREUZMITE KLIKOM NA DONJU POVEZNICU:<\/strong><\/p>\n<p><strong>Izvje\u0161\u0107e o stanju u prostoru Grada Slatine za razdoblje od 2020. do 2023. godine<\/strong><\/p>\n<ul>\n<li><a href=\"https:\/\/www.slatina.hr\/portal\/wp-content\/uploads\/2025\/01\/Izvjesce-o-stanju-u-prostoru-Grada-Slatine-za-radoblje-od-2020-do-2023.-godine.pdf\">Izvje\u0161\u0107e o stanju u prostoru Grada Slatine za razdoblje od 2020. do 2023. godine<\/a><\/li>\n<li><a href=\"https:\/\/www.slatina.hr\/portal\/wp-content\/uploads\/2025\/01\/Zakljucak-o-usvajanju-Izvjesca-o-stanju-u-prostoru-Grada-Slatine-2020-2023.pdf\">Zaklju\u010dak o usvajanju Izvje\u0161\u0107a o stanju u prostoru Grada Slatine 2020-2023<\/a><\/li>\n<li><a href=\"https:\/\/www.slatina.hr\/portal\/wp-content\/uploads\/2025\/01\/Sluzbeni-glasnik-Grada-Slatine-broj-11-2024.pdf\">Slu\u017ebeni glasnik Grada Slatine broj 11\/2024.<\/a><\/li>\n<\/ul>\n<hr>\n<p><strong>Izvje\u0161\u0107e o stanju u prostoru Grada Slatine za razdoblje od 2015. do 2019. godine<\/strong><\/p>\n<ul>\n<li><a href=\"https:\/\/www.slatina.hr\/portal\/wp-content\/uploads\/2021\/01\/Izvjesce-o-stanju-u-prostoru-Grada-Slatine-za-razdoblje-od-2015.-do-2019.-godine.pdf\">Izvje\u0161\u0107e o stanju u prostoru Grada Slatine za razdoblje od 2015. do 2019. godine<\/a><\/li>\n<li><a href=\"https:\/\/www.slatina.hr\/portal\/wp-content\/uploads\/2021\/01\/Zakljucak-o-usvajanju-Izvjesca-o-stanju-u-prostoru-Grada-Slatine-2015-2019.pdf\">Zaklju\u010dak o usvajanju Izvje\u0161\u0107a o stanju u prostoru Grada Slatine 2015-2019<\/a><\/li>\n<li><a href=\"https:\/\/www.slatina.hr\/portal\/wp-content\/uploads\/2021\/01\/Sluzbeni-glasnik-Grada-Slatine-broj-15-2020.pdf\">Slu\u017ebeni glasnik Grada Slatine broj 15\/2020.<\/a><\/li>\n<\/ul>\n","protected":false},"excerpt":{"rendered":"<p>DOKUMENT U PDF FORMATU PREUZMITE KLIKOM NA DONJU POVEZNICU: Izvje\u0161\u0107e o stanju u prostoru Grada Slatine za razdoblje od 2020. do 2023. godine Izvje\u0161\u0107e o<span class=\"excerpt-hellip\"> [\u2026]<\/span><\/p>\n","protected":false},"author":1,"featured_media":0,"parent":0,"menu_order":0,"comment_status":"closed","ping_status":"closed","template":"","meta":{"ngg_post_thumbnail":0,"footnotes":""},"class_list":["post-103561","page","type-page","status-publish","hentry"],"_links":{"self":[{"href":"https:\/\/www.slatina.hr\/portal\/wp-json\/wp\/v2\/pages\/103561","targetHints":{"allow":["GET"]}}],"collection":[{"href":"https:\/\/www.slatina.hr\/portal\/wp-json\/wp\/v2\/pages"}],"about":[{"href":"https:\/\/www.slatina.hr\/portal\/wp-json\/wp\/v2\/types\/page"}],"author":[{"embeddable":true,"href":"https:\/\/www.slatina.hr\/portal\/wp-json\/wp\/v2\/users\/1"}],"replies":[{"embeddable":true,"href":"https:\/\/www.slatina.hr\/portal\/wp-json\/wp\/v2\/comments?post=103561"}],"version-history":[{"count":3,"href":"https:\/\/www.slatina.hr\/portal\/wp-json\/wp\/v2\/pages\/103561\/revisions"}],"predecessor-version":[{"id":122621,"href":"https:\/\/www.slatina.hr\/portal\/wp-json\/wp\/v2\/pages\/103561\/revisions\/122621"}],"wp:attachment":[{"href":"https:\/\/www.slatina.hr\/portal\/wp-json\/wp\/v2\/media?parent=103561"}],"curies":[{"name":"wp","href":"https:\/\/api.w.org\/{rel}","templated":true}]}}